{"id":636,"date":"2020-11-16T02:23:56","date_gmt":"2020-11-16T00:23:56","guid":{"rendered":"https:\/\/roubenkauhuvaru.cz\/?page_id=636"},"modified":"2022-02-03T00:35:37","modified_gmt":"2022-02-02T22:35:37","slug":"zasady-ochrany-osobnich-udaju","status":"publish","type":"page","link":"https:\/\/roubenkauhuvaru.cz\/en\/zasady-ochrany-osobnich-udaju\/","title":{"rendered":"Privacy Policy"},"content":{"rendered":"<div data-elementor-type=\"wp-page\" data-elementor-id=\"636\" class=\"elementor elementor-636\" data-elementor-post-type=\"page\">\n\t\t\t\t\t\t<section class=\"elementor-section elementor-top-section elementor-element elementor-element-7f0687b8 elementor-section-boxed elementor-section-height-default elementor-section-height-default\" data-id=\"7f0687b8\" data-element_type=\"section\" data-e-type=\"section\">\n\t\t\t\t\t\t<div class=\"elementor-container elementor-column-gap-default\">\n\t\t\t\t\t<div class=\"elementor-column elementor-col-100 elementor-top-column elementor-element elementor-element-77ab531b\" data-id=\"77ab531b\" data-element_type=\"column\" data-e-type=\"column\">\n\t\t\t<div class=\"elementor-widget-wrap elementor-element-populated\">\n\t\t\t\t\t\t<div class=\"elementor-element elementor-element-5601e547 elementor-widget elementor-widget-text-editor\" data-id=\"5601e547\" data-element_type=\"widget\" data-e-type=\"widget\" data-widget_type=\"text-editor.default\">\n\t\t\t\t<div class=\"elementor-widget-container\">\n\t\t\t\t\t\t\t\t\t<h2>Privacy Policy<\/h2><h3>Kdo jsme<\/h3><p>Na\u0161e webov\u00e1 adresa je: https:\/\/roubenkauhuvaru.cz<\/p><h3>P\u0159ehled ochrany \u00fadaj\u016f<\/h3><p>N\u00ed\u017ee uv\u00e1d\u00edme jednoduch\u00fd p\u0159ehled o\u00a0tom, co se stane s\u00a0va\u0161imi osobn\u00edmi \u00fadaji p\u0159i n\u00e1v\u0161t\u011bv\u011b na\u0161ich webov\u00fdch str\u00e1nek. Osobn\u00ed informace jsou v\u0161echny \u00fadaje, se kter\u00e9 by mohli v\u00e9st k\u00a0va\u0161\u00ed osobn\u00ed identifikaci. Detailn\u00ed Informace o\u00a0ochran\u011b \u00fadaj\u016f naleznete n\u00ed\u017ee.<\/p><h3>Sb\u011br dat na na\u0161ich webov\u00fdch str\u00e1nk\u00e1ch<\/h3><h5>Kdo je zodpov\u011bdn\u00fd za shroma\u017e\u010fov\u00e1n\u00ed \u00fadaj\u016f na t\u011bchto str\u00e1nk\u00e1ch?<\/h5><p>\u00dadaje shrom\u00e1\u017ed\u011bn\u00e9 na t\u00e9to webov\u00e9 str\u00e1nce zpracov\u00e1v\u00e1 provozovatel webov\u00fdch str\u00e1nek. <br \/>Marcel Huvar<br \/>Roubenka U Huvar\u016f<br \/>Tachov 38, 472 01<br \/>I\u010c: 70316015<br \/>roubenkauhuvaru@seznam.cz<\/p><h5>Jak shroma\u017e\u010fujeme \u00fadaje?<\/h5><p>Shroma\u017e\u010fujeme \u00fadaje, kter\u00e9 n\u00e1m poskytnete &#8211; \u00a0nap\u0159\u00edklad \u00fadaje, kter\u00e9 zad\u00e1te na Kontaktn\u00ed formul\u00e1\u0159.<br \/>Abychom mohli poskytovat nab\u00edzen\u00e9 slu\u017eby a zlep\u0161ovat je k\u00a0Va\u0161\u00ed spokojenosti, zpracov\u00e1v\u00e1me a uchov\u00e1v\u00e1me po dobu rezervace Va\u0161e osobn\u00ed \u00fadaje, kter\u00e9 pro \u00fa\u010dely rezervace zad\u00e1v\u00e1te.\u00a0<br \/>Pro zaji\u0161t\u011bn\u00ed z\u00e1kaznick\u00e9ho servisu a pro odstran\u011bn\u00ed p\u0159\u00edpadn\u00fdch probl\u00e9m\u016f p\u0159i\u00a0rezervaci, ru\u0161en\u00ed rezervace zpracov\u00e1v\u00e1me Va\u0161e osobn\u00ed \u00fadaje na z\u00e1kladn\u011b nezbytn\u00e9ho spln\u011bn\u00ed rezerva\u010dn\u00edch podm\u00ednek.<br \/>Shrom\u00e1\u017ed\u011bn\u00e9 \u00fadaje vyu\u017e\u00edv\u00e1me za \u00fa\u010delem komunikace s v\u00e1mi a jej\u00edmu individu\u00e1ln\u00ed p\u0159izp\u016fsobov\u00e1n\u00ed. M\u016f\u017eeme v\u00e1s nap\u0159\u00edklad kontaktovat telefonicky, e-mailem, v aplikaci nebo jinou formou, abychom v\u00e1m odpov\u011bd\u011bli na po\u017eadovanou rezervaci \u010di nab\u00eddli jin\u00fd term\u00edn.<br \/>Ostatn\u00ed data jsou automaticky shroma\u017e\u010fov\u00e1na na\u0161imi syst\u00e9my IT p\u0159i n\u00e1v\u0161t\u011bv\u011b webov\u00fdch str\u00e1nek. Tyto \u00fadaje jsou p\u0159edev\u0161\u00edm technick\u00e9 \u00fadaje, nap\u0159\u00edklad: prohl\u00ed\u017ee\u010d a opera\u010dn\u00ed syst\u00e9m, kter\u00fd pou\u017e\u00edv\u00e1te p\u0159i p\u0159\u00edstupu na na\u0161e str\u00e1nky. Tato data se shroma\u017e\u010fuj\u00ed automaticky p\u0159i vstupu na na\u0161e webov\u00e9 str\u00e1nky.<\/p><h3>Jak\u00e1 pr\u00e1va m\u00e1te ohledn\u011b Va\u0161ich \u00fadaj\u016f?<\/h3><p>M\u00e1te v\u017edy pr\u00e1vo bezplatn\u011b po\u017eadovat informace o\u00a0ulo\u017een\u00fdch datech, jejich p\u016fvodu, p\u0159\u00edjemc\u00edch a \u00fa\u010delu sb\u011bru. M\u00e1te tak\u00e9 pr\u00e1vo po\u017eadovat, aby byla data opravena, zablokov\u00e1na nebo vymaz\u00e1na. Pokud budete m\u00edt dal\u0161\u00ed ot\u00e1zky t\u00fdkaj\u00edc\u00ed se soukrom\u00ed a ochrany \u00fadaj\u016f, m\u016f\u017eete n\u00e1s kdykoli kontaktovat na adrese uveden\u00e9 n\u00ed\u017ee. Samoz\u0159ejm\u011b m\u016f\u017eete tak\u00e9 podat st\u00ed\u017enost na p\u0159\u00edslu\u0161n\u00e9 regula\u010dn\u00ed org\u00e1ny.<\/p><h3>Zabezpe\u010den\u00ed osobn\u00edch \u00fadaj\u016f<\/h3><p>Prohla\u0161uji, \u017ee jsem p\u0159ijal ve\u0161ker\u00e1 technick\u00e1 a organiza\u010dn\u00ed opat\u0159en\u00ed k\u00a0zabezpe\u010den\u00ed osobn\u00edch \u00fadaj\u016f.<br \/>P\u0159ijal jsem\u00a0technick\u00e1 opat\u0159en\u00ed k\u00a0zabezpe\u010den\u00ed datov\u00fdch \u00falo\u017ei\u0161\u0165 a \u00falo\u017ei\u0161\u0165 osobn\u00edch \u00fadaj\u016f v\u00a0listinn\u00e9 podob\u011b,\u00a0(ochrana vyti\u0161t\u011bn\u00fdch faktur, smluv)<br \/>Prohla\u0161uji, \u017ee k\u00a0osobn\u00edm \u00fadaj\u016fm maj\u00ed p\u0159\u00edstup pouze mnou\u00a0pov\u011b\u0159en\u00e9 osoby.<\/p><p>Tyto podm\u00ednky nab\u00fdvaj\u00ed \u00fa\u010dinnosti dnem 12. 5. 2018.<\/p><p>Marcel Huvar<br \/>Roubenka U Huvar\u016f<br \/>Tachov 38, 472 01<br \/>I\u010c: 70316015<br \/>roubenkauhuvaru@seznam.cz\u00a0<\/p>\t\t\t\t\t\t\t\t<\/div>\n\t\t\t\t<\/div>\n\t\t\t\t\t<\/div>\n\t\t<\/div>\n\t\t\t\t\t<\/div>\n\t\t<\/section>\n\t\t\t\t<\/div>","protected":false},"excerpt":{"rendered":"<p>Z\u00e1sady o ochran\u011b osobn\u00edch \u00fadaj\u016f Kdo jsme Na\u0161e webov\u00e1 adresa je: https:\/\/roubenkauhuvaru.cz P\u0159ehled ochrany \u00fadaj\u016f N\u00ed\u017ee uv\u00e1d\u00edme jednoduch\u00fd p\u0159ehled o\u00a0tom, co se stane s\u00a0va\u0161imi osobn\u00edmi \u00fadaji p\u0159i n\u00e1v\u0161t\u011bv\u011b na\u0161ich webov\u00fdch str\u00e1nek. Osobn\u00ed informace jsou v\u0161echny \u00fadaje, se kter\u00e9 by mohli v\u00e9st k\u00a0va\u0161\u00ed osobn\u00ed identifikaci. Detailn\u00ed Informace o\u00a0ochran\u011b \u00fadaj\u016f naleznete n\u00ed\u017ee. Sb\u011br dat na na\u0161ich webov\u00fdch [&hellip;]<\/p>\n","protected":false},"author":1,"featured_media":0,"parent":0,"menu_order":0,"comment_status":"closed","ping_status":"closed","template":"","meta":{"footnotes":""},"class_list":["post-636","page","type-page","status-publish","hentry"],"_links":{"self":[{"href":"https:\/\/roubenkauhuvaru.cz\/en\/wp-json\/wp\/v2\/pages\/636","targetHints":{"allow":["GET"]}}],"collection":[{"href":"https:\/\/roubenkauhuvaru.cz\/en\/wp-json\/wp\/v2\/pages"}],"about":[{"href":"https:\/\/roubenkauhuvaru.cz\/en\/wp-json\/wp\/v2\/types\/page"}],"author":[{"embeddable":true,"href":"https:\/\/roubenkauhuvaru.cz\/en\/wp-json\/wp\/v2\/users\/1"}],"replies":[{"embeddable":true,"href":"https:\/\/roubenkauhuvaru.cz\/en\/wp-json\/wp\/v2\/comments?post=636"}],"version-history":[{"count":22,"href":"https:\/\/roubenkauhuvaru.cz\/en\/wp-json\/wp\/v2\/pages\/636\/revisions"}],"predecessor-version":[{"id":827,"href":"https:\/\/roubenkauhuvaru.cz\/en\/wp-json\/wp\/v2\/pages\/636\/revisions\/827"}],"wp:attachment":[{"href":"https:\/\/roubenkauhuvaru.cz\/en\/wp-json\/wp\/v2\/media?parent=636"}],"curies":[{"name":"wp","href":"https:\/\/api.w.org\/{rel}","templated":true}]}}